{"id":895,"date":"2016-04-23T03:24:27","date_gmt":"2016-04-23T03:24:27","guid":{"rendered":"https:\/\/www.ofenforstenpointner.at\/cms\/?page_id=895"},"modified":"2023-09-13T09:04:41","modified_gmt":"2023-09-13T09:04:41","slug":"karriere","status":"publish","type":"page","link":"https:\/\/www.ofenforstenpointner.at\/cms\/karriere\/","title":{"rendered":"Karriere"},"content":{"rendered":"<section class=\"wpb-content-wrapper\"><p>[vc_row newlayout=&#8220;Fixed&#8220; el_class=&#8220;services&#8220;][vc_column]<div class=\"blank-spacer clearfix  \"  style=\"margin-bottom:80px !important; clear:both;\"><\/div><div class=\" tabs-shortcode  tabs-ver  tab_pages \"><div class=\"row\"><div class=\"col-sm-3\"><ul class=\"nav nav-tabs\">  <li  class=\" active\"><a href=\"#tab-ofen-monteur\"  data-toggle=\"tab\">\nOfen-Monteur<\/a><\/li><\/ul><\/div><div class=\"col-sm-9\"> <div class=\"tab-content\"><div  class=\"tab-pane fade  active in\" id=\"tab-ofen-monteur\"><\/p>\n<div class=\"row m0 tab_inn_cont_1 \">\n<div class=\"tab_inn_cont_2 row\">\n<div class=\"cont_left col-sm-8\">\n<div class=\"row m0 section_header color\">\n<h2>Ofen-Monteur<\/h2>\n<p>&nbsp;<\/p>\n<p><em>Ort: Maria Schmolln<\/em><\/p>\n<\/div>\n<\/div>\n<\/div>\n<p><strong>Deine Aufgaben, die dich bei uns erwarten<br \/>\n<\/strong><\/p>\n<ul>\n<li>Du bist f\u00fcr die <strong>Montage von Holz\u00f6fen<\/strong>, <strong>Pellet\u00f6fen<\/strong> <strong>und<\/strong> <strong>Tischherde<\/strong> zust\u00e4ndig. Dies beginnt bei der Kernbohrung des Kamines und endet bei der finalen Positionierung des Ofens in Abstimmung mit den Kunden. Auch eine fachkundige Beratung, Einschulung und Erstinbetriebnahme f\u00fchrst du gemeinsam mit den Kunden durch.<\/li>\n<li>Du bist f\u00fcr die <strong>Montage<\/strong> <strong>von<\/strong> <strong>Au\u00dfenkaminen<\/strong> verantwortlich und bringst in die Jahre gekommene Kamine wieder in Schuss, um den Kunden den Traum eines Ofens zu erm\u00f6glichen.<\/li>\n<li>Du bringst gemeinsam im Team Ordnung und Struktur in das Lager, um die Arbeitsabl\u00e4ufe zu optimieren.<\/li>\n<li>Du hast Zugang zu einer <strong>sehr gut ausgestatteten Metalltechnik-Werkst\u00e4tte<\/strong> inklusive Drehbank, Schlagschere, Abkantmaschine usw. Durch Bedienung dieser Maschinen produzierst du kundenspezifische Komponenten f\u00fcr die Ofenmontage<strong>.<\/strong><\/li>\n<\/ul>\n<p>&nbsp;<\/p>\n<p><strong>Diese Herausforderungen meisterst du, wenn du<\/strong><\/p>\n<ul>\n<li>eine <strong>abgeschlossene handwerkliche Berufsausbildung<\/strong> zum Hafner, Metallbautechniker o.\u00e4. aufweisen kannst<\/li>\n<li>auf Details achtest und genau bist<\/li>\n<li>Zielstrebigkeit und Lernwilligkeit mit dir bringst<\/li>\n<li>du ein<strong> Allroundtalent<\/strong> bist und mit Hausverstand handwerkliche, technische Aufgaben l\u00f6st, die auch teilweise Improvisation verlangen<\/li>\n<li>du idealerweise bereits <strong>Berufserfahrung in diesem Bereich<\/strong> hast<\/li>\n<\/ul>\n<p>&nbsp;<\/p>\n<p><strong>Wir bieten dir<\/strong><\/p>\n<ul>\n<li>einen <strong>sicheren<\/strong>, <strong>abwechslungsreichen Arbeitsplatz<\/strong> in einem wachsenden Markt<\/li>\n<li>ein <strong>famili\u00e4res<\/strong>, <strong>kollegiales Team<\/strong>, in dem du deine St\u00e4rken beweisen und noch weiter ausbauen kannst<\/li>\n<li>Teilnahme an Schulungen, die dein Wissen immer am neuesten Stand der Technik sicherstellen<\/li>\n<li>Eine <strong>flexible Arbeitseinteilung<\/strong>, die du gemeinsam mit deinem Team unkompliziert abstimmst<\/li>\n<li>eine <strong>faire Entlohnung<\/strong> die deiner Erfahrung, deinen Qualifikationen und deinem Potenzial entspricht<\/li>\n<\/ul>\n<p>&nbsp;<\/p>\n<p>Die Ofen Forstenpointner GmbH in Maria Schmolln ist eine ausgezeichnete Wahl, wenn Kunden ihren Traum vom nachhaltigen, unabh\u00e4ngigen Heizen und das Bed\u00fcrfnis einer gem\u00fctlichen Wohnatmosph\u00e4re im Eigenheim verwirklichen m\u00f6chten.<\/p>\n<p>Von dieser Vision abgeleitet, bietet das Unternehmen Forstenpointner L\u00f6sungen \u00fcber die gesamte Produktpallette rund um \u00d6fen, Tischherde und Kamine. Dies beinhaltet die Montage, den Service oder Reparaturen, weshalb die Firma Forstenpointner ein zuverl\u00e4ssiger Partner ist, der h\u00f6chste Qualit\u00e4t liefert.<\/p>\n<p>Vor allem in den letzten Jahren erfuhr dieser ohnehin wirtschaftlich stabile Markt einen enormen Nachfrageanstieg, weswegen wir einen zuverl\u00e4ssigen Mitarbeiter suchen, der Teil eines kleinen, famili\u00e4ren Teams werden m\u00f6chte und durch eigenst\u00e4ndiges Einbringen das Unternehmen und deren Kunden bestm\u00f6glich ber\u00e4t und in eine positive, nachhaltige Zukunft begleitet.<\/p>\n<\/div>\n<div class=\"media\">\n<h3 style=\"text-align: center;\">Interesse? Dann meld dich!<\/h3>\n<p style=\"text-align: center;\"><a href=\"tel:0650 \/ 30 53 830\">0650 \/ 30 53 830<\/a><\/p>\n<p style=\"text-align: center;\"><a href=\"mailto:info@ofenforstenpointner.at\">info@ofenforstenpointner.at <\/a><\/p>\n<p>&nbsp;<\/p>\n<div style=\"text-align: center;\"><\/div>\n<\/div>\n<p><\/div><\/div><\/div><\/div><\/div><div class=\"blank-spacer clearfix  \"  style=\"margin-bottom:30px !important; clear:both;\"><\/div>[\/vc_column][\/vc_row][vc_row][vc_column][\/vc_column][\/vc_row]<\/p>\n<\/section>","protected":false},"excerpt":{"rendered":"<p>[vc_row newlayout=&#8220;Fixed&#8220; el_class=&#8220;services&#8220;][vc_column][\/vc_column][\/vc_row][vc_row][vc_column][\/vc_column][\/vc_row]<\/p>\n","protected":false},"author":1,"featured_media":0,"parent":0,"menu_order":0,"comment_status":"closed","ping_status":"closed","template":"page-fluid.php","meta":{"footnotes":""},"class_list":["post-895","page","type-page","status-publish","hentry"],"_links":{"self":[{"href":"https:\/\/www.ofenforstenpointner.at\/cms\/wp-json\/wp\/v2\/pages\/895","targetHints":{"allow":["GET"]}}],"collection":[{"href":"https:\/\/www.ofenforstenpointner.at\/cms\/wp-json\/wp\/v2\/pages"}],"about":[{"href":"https:\/\/www.ofenforstenpointner.at\/cms\/wp-json\/wp\/v2\/types\/page"}],"author":[{"embeddable":true,"href":"https:\/\/www.ofenforstenpointner.at\/cms\/wp-json\/wp\/v2\/users\/1"}],"replies":[{"embeddable":true,"href":"https:\/\/www.ofenforstenpointner.at\/cms\/wp-json\/wp\/v2\/comments?post=895"}],"version-history":[{"count":50,"href":"https:\/\/www.ofenforstenpointner.at\/cms\/wp-json\/wp\/v2\/pages\/895\/revisions"}],"predecessor-version":[{"id":967,"href":"https:\/\/www.ofenforstenpointner.at\/cms\/wp-json\/wp\/v2\/pages\/895\/revisions\/967"}],"wp:attachment":[{"href":"https:\/\/www.ofenforstenpointner.at\/cms\/wp-json\/wp\/v2\/media?parent=895"}],"curies":[{"name":"wp","href":"https:\/\/api.w.org\/{rel}","templated":true}]}}