{"id":47,"date":"2016-04-23T02:55:48","date_gmt":"2016-04-23T02:55:48","guid":{"rendered":"http:\/\/carpenter.weblusive-themes.com\/?page_id=47"},"modified":"2020-12-14T13:53:50","modified_gmt":"2020-12-14T13:53:50","slug":"werkstatt","status":"publish","type":"page","link":"https:\/\/www.ofenforstenpointner.at\/cms\/werkstatt\/","title":{"rendered":"Werkstatt"},"content":{"rendered":"<section class=\"wpb-content-wrapper\"><p>[vc_row newlayout=&#8220;Fixed&#8220;][vc_column]<div class=\"blank-spacer clearfix  \"  style=\"margin-bottom:80px !important; clear:both;\"><\/div><div class=\"row sblock1 color-default  \">\r\n\t\t\t\t\t<div class=\"col-sm-4 service-image\">\r\n\t\t\t\t\t\t<img decoding=\"async\"  src=\"https:\/\/www.ofenforstenpointner.at\/cms\/wp-content\/uploads\/2020\/11\/werkstatt_forstenpointner03.jpg\" alt=\"img\">\r\n\t\t\t\t\t<\/div>\r\n\t\t\t\t\t<div class=\" row col-sm-8 service-content\">\r\n\t\t\t\t\t\t<a href=\"#\"><h2>Unsere Werkstatt<\/h2><\/a>\r\n\t\t\t\t\t\tIn unserer Werkstatt werden werden Herdplatten, Ceranfelder und Edelstahlblenden produziert. Alles wird aus einer Hand gefertigt. Besonders erw\u00e4hnenswert ist, dass bei den Herdplatten und Ceranfeldern fast alle Ma\u00dfe angefertigt werden.<br \/>\nAu\u00dferdem werden diverse Reparaturen und die Ausschamottierung von \u00d6fen und Herden in unserer Werkstatt durchgef\u00fchrt.\r\n\t\t\t\t\t<\/div>\r\n\t\t\t\t<\/div><div class=\"blank-spacer clearfix  \"  style=\"margin-bottom:80px !important; clear:both;\"><\/div>[\/vc_column][\/vc_row][vc_row css=&#8220;.vc_custom_1607954029667{padding-top: 80px !important;padding-bottom: 70px !important;background: rgba(63,48,36,0.85) url(https:\/\/www.ofenforstenpointner.at\/cms\/wp-content\/uploads\/2020\/03\/DSC0938-1-scaled-e1583833084128.jpg?id=592) !important;*background-color: rgb(63,48,36) !important;}&#8220;][vc_column][vc_row_inner el_class=&#8220;container&#8220;][vc_column_inner]<div class=\"section_header tblock-box text-left  \"><h2 class=\"tblock \" style=\"color:#ffffff !important;\">Unsere Werkstatt<\/h2><\/div><div class=\"blank-spacer clearfix  \"  style=\"margin-bottom:50px !important; clear:both;\"><\/div>[\/vc_column_inner][\/vc_row_inner][vc_row_inner el_class=&#8220;container&#8220;][vc_column_inner width=&#8220;1\/4&#8243;]<div class=\"featured-service sblock2 color-white  \">\r\n\t\t\t\t\t<a href=\"\"><img decoding=\"async\"  src=\"https:\/\/www.ofenforstenpointner.at\/cms\/wp-content\/uploads\/2020\/11\/werkstatt_forstenpointner07.jpg\" alt=\"img\"><\/a>\r\n\t\t\t\t\t<a href=\"\"><h4><\/h4><\/a>\r\n                <\/div>[\/vc_column_inner][vc_column_inner width=&#8220;1\/4&#8243;]<div class=\"featured-service sblock2 color-white  \">\r\n\t\t\t\t\t<a href=\"\"><img decoding=\"async\"  src=\"https:\/\/www.ofenforstenpointner.at\/cms\/wp-content\/uploads\/2020\/11\/werkstatt_forstenpointner06.jpg\" alt=\"img\"><\/a>\r\n\t\t\t\t\t<a href=\"\"><h4><\/h4><\/a>\r\n                <\/div>[\/vc_column_inner][vc_column_inner width=&#8220;1\/4&#8243;]<div class=\"featured-service sblock2 color-white  \">\r\n\t\t\t\t\t<a href=\"\"><img decoding=\"async\"  src=\"https:\/\/www.ofenforstenpointner.at\/cms\/wp-content\/uploads\/2020\/10\/werkstatt_forstenpointner01.jpg\" alt=\"img\"><\/a>\r\n\t\t\t\t\t<a href=\"\"><h4><\/h4><\/a>\r\n                <\/div>[\/vc_column_inner][vc_column_inner width=&#8220;1\/4&#8243;]<div class=\"featured-service sblock2 color-white  \">\r\n\t\t\t\t\t<a href=\"\"><img decoding=\"async\"  src=\"https:\/\/www.ofenforstenpointner.at\/cms\/wp-content\/uploads\/2020\/11\/werkstatt_forstenpointner04.jpg\" alt=\"img\"><\/a>\r\n\t\t\t\t\t<a href=\"\"><h4><\/h4><\/a>\r\n                <\/div>[\/vc_column_inner][\/vc_row_inner][\/vc_column][\/vc_row]<\/p>\n<\/section>","protected":false},"excerpt":{"rendered":"<p>[vc_row newlayout=&#8220;Fixed&#8220;][vc_column][\/vc_column][\/vc_row][vc_row css=&#8220;.vc_custom_1607954029667{padding-top: 80px !important;padding-bottom: 70px !important;background: rgba(63,48,36,0.85) url(https:\/\/www.ofenforstenpointner.at\/cms\/wp-content\/uploads\/2020\/03\/DSC0938-1-scaled-e1583833084128.jpg?id=592) !important;*background-color: rgb(63,48,36) !important;}&#8220;][vc_column][vc_row_inner el_class=&#8220;container&#8220;][vc_column_inner][\/vc_column_inner][\/vc_row_inner][vc_row_inner el_class=&#8220;container&#8220;][vc_column_inner width=&#8220;1\/4&#8243;][\/vc_column_inner][vc_column_inner width=&#8220;1\/4&#8243;][\/vc_column_inner][vc_column_inner width=&#8220;1\/4&#8243;][\/vc_column_inner][vc_column_inner width=&#8220;1\/4&#8243;][\/vc_column_inner][\/vc_row_inner][\/vc_column][\/vc_row]<\/p>\n","protected":false},"author":1,"featured_media":0,"parent":0,"menu_order":0,"comment_status":"closed","ping_status":"closed","template":"page-fluid.php","meta":{"footnotes":""},"class_list":["post-47","page","type-page","status-publish","hentry"],"_links":{"self":[{"href":"https:\/\/www.ofenforstenpointner.at\/cms\/wp-json\/wp\/v2\/pages\/47","targetHints":{"allow":["GET"]}}],"collection":[{"href":"https:\/\/www.ofenforstenpointner.at\/cms\/wp-json\/wp\/v2\/pages"}],"about":[{"href":"https:\/\/www.ofenforstenpointner.at\/cms\/wp-json\/wp\/v2\/types\/page"}],"author":[{"embeddable":true,"href":"https:\/\/www.ofenforstenpointner.at\/cms\/wp-json\/wp\/v2\/users\/1"}],"replies":[{"embeddable":true,"href":"https:\/\/www.ofenforstenpointner.at\/cms\/wp-json\/wp\/v2\/comments?post=47"}],"version-history":[{"count":14,"href":"https:\/\/www.ofenforstenpointner.at\/cms\/wp-json\/wp\/v2\/pages\/47\/revisions"}],"predecessor-version":[{"id":867,"href":"https:\/\/www.ofenforstenpointner.at\/cms\/wp-json\/wp\/v2\/pages\/47\/revisions\/867"}],"wp:attachment":[{"href":"https:\/\/www.ofenforstenpointner.at\/cms\/wp-json\/wp\/v2\/media?parent=47"}],"curies":[{"name":"wp","href":"https:\/\/api.w.org\/{rel}","templated":true}]}}